{"id":3822,"date":"2022-05-03T20:25:49","date_gmt":"2022-05-03T17:25:49","guid":{"rendered":"https:\/\/naantalinmusiikkijuhlat.fi\/about-us\/artistic-director\/"},"modified":"2026-01-08T12:00:27","modified_gmt":"2026-01-08T10:00:27","slug":"artistic-director","status":"publish","type":"page","link":"https:\/\/naantalinmusiikkijuhlat.fi\/en\/about-us\/artistic-director\/","title":{"rendered":"Artistic Director"},"content":{"rendered":"<h1>Artistic Director Elina V\u00e4h\u00e4l\u00e4<\/h1>\n","protected":false},"excerpt":{"rendered":"<p>Artistic Director Elina V\u00e4h\u00e4l\u00e4<\/p>\n","protected":false},"author":4,"featured_media":7246,"parent":3820,"menu_order":2,"comment_status":"closed","ping_status":"closed","template":"","meta":{"inline_featured_image":false,"_monsterinsights_skip_tracking":false,"_monsterinsights_sitenote_active":false,"_monsterinsights_sitenote_note":"","_monsterinsights_sitenote_category":0,"footnotes":""},"class_list":["post-3822","page","type-page","status-publish","has-post-thumbnail","hentry"],"acf":[],"yoast_head":"<!-- This site is optimized with the Yoast SEO plugin v27.3 - https:\/\/yoast.com\/product\/yoast-seo-wordpress\/ -->\n<title>Artistic Director - Naantalin Musiikkijuhlat<\/title>\n<meta name=\"description\" content=\"The artistic director of Naantali Music Festival, Elina V\u00e4h\u00e4l\u00e4, is among the most sought-after Finnish violinists in the international music scene. Her sound and virtuosity win praise from music critics around the world and her playing has been praised as dazzling, sensitive and brilliant.\" \/>\n<meta name=\"robots\" content=\"index, follow, max-snippet:-1, max-image-preview:large, max-video-preview:-1\" \/>\n<link rel=\"canonical\" href=\"https:\/\/naantalinmusiikkijuhlat.fi\/en\/about-us\/artistic-director\/\" \/>\n<meta property=\"og:locale\" content=\"en_US\" \/>\n<meta property=\"og:type\" content=\"article\" \/>\n<meta property=\"og:title\" content=\"The aritstic director of Naantali Music Festival Elina V\u00e4h\u00e4l\u00e4\" \/>\n<meta property=\"og:description\" content=\"The artistic director of Naantali Music Festival, Elina V\u00e4h\u00e4l\u00e4, is among the most sought-after Finnish violinists in the international music scene. Her sound and virtuosity win praise from music critics around the world and her playing has been praised as dazzling, sensitive and brilliant.\" \/>\n<meta property=\"og:url\" content=\"https:\/\/naantalinmusiikkijuhlat.fi\/en\/about-us\/artistic-director\/\" \/>\n<meta property=\"og:site_name\" content=\"Naantalin Musiikkijuhlat\" \/>\n<meta property=\"article:modified_time\" content=\"2026-01-08T10:00:27+00:00\" \/>\n<meta property=\"og:image\" content=\"https:\/\/naantalinmusiikkijuhlat.fi\/wp-content\/uploads\/2022\/01\/Arto-Noras.jpeg\" \/>\n<meta name=\"twitter:card\" content=\"summary_large_image\" \/>\n<meta name=\"twitter:title\" content=\"The aritstic director of Naantali Music Festival Elina V\u00e4h\u00e4l\u00e4\" \/>\n<meta name=\"twitter:description\" content=\"The artistic director of Naantali Music Festival, Elina V\u00e4h\u00e4l\u00e4, is among the most sought-after Finnish violinists in the international music scene. Her sound and virtuosity win praise from music critics around the world and her playing has been praised as dazzling, sensitive and brilliant.\" \/>\n<meta name=\"twitter:image\" content=\"https:\/\/naantalinmusiikkijuhlat.fi\/wp-content\/uploads\/2022\/01\/Arto-Noras.jpeg\" \/>\n<script type=\"application\/ld+json\" class=\"yoast-schema-graph\">{\"@context\":\"https:\\\/\\\/schema.org\",\"@graph\":[{\"@type\":\"WebPage\",\"@id\":\"https:\\\/\\\/naantalinmusiikkijuhlat.fi\\\/en\\\/about-us\\\/artistic-director\\\/\",\"url\":\"https:\\\/\\\/naantalinmusiikkijuhlat.fi\\\/en\\\/about-us\\\/artistic-director\\\/\",\"name\":\"Artistic Director - Naantalin Musiikkijuhlat\",\"isPartOf\":{\"@id\":\"https:\\\/\\\/naantalinmusiikkijuhlat.fi\\\/en\\\/#website\"},\"primaryImageOfPage\":{\"@id\":\"https:\\\/\\\/naantalinmusiikkijuhlat.fi\\\/en\\\/about-us\\\/artistic-director\\\/#primaryimage\"},\"image\":{\"@id\":\"https:\\\/\\\/naantalinmusiikkijuhlat.fi\\\/en\\\/about-us\\\/artistic-director\\\/#primaryimage\"},\"thumbnailUrl\":\"https:\\\/\\\/naantalinmusiikkijuhlat.fi\\\/wp-content\\\/uploads\\\/2022\\\/01\\\/R9A3357-WEB-e1764052990414.jpg\",\"datePublished\":\"2022-05-03T17:25:49+00:00\",\"dateModified\":\"2026-01-08T10:00:27+00:00\",\"description\":\"The artistic director of Naantali Music Festival, Elina V\u00e4h\u00e4l\u00e4, is among the most sought-after Finnish violinists in the international music scene. Her sound and virtuosity win praise from music critics around the world and her playing has been praised as dazzling, sensitive and brilliant.\",\"breadcrumb\":{\"@id\":\"https:\\\/\\\/naantalinmusiikkijuhlat.fi\\\/en\\\/about-us\\\/artistic-director\\\/#breadcrumb\"},\"inLanguage\":\"en-US\",\"potentialAction\":[{\"@type\":\"ReadAction\",\"target\":[\"https:\\\/\\\/naantalinmusiikkijuhlat.fi\\\/en\\\/about-us\\\/artistic-director\\\/\"]}]},{\"@type\":\"ImageObject\",\"inLanguage\":\"en-US\",\"@id\":\"https:\\\/\\\/naantalinmusiikkijuhlat.fi\\\/en\\\/about-us\\\/artistic-director\\\/#primaryimage\",\"url\":\"https:\\\/\\\/naantalinmusiikkijuhlat.fi\\\/wp-content\\\/uploads\\\/2022\\\/01\\\/R9A3357-WEB-e1764052990414.jpg\",\"contentUrl\":\"https:\\\/\\\/naantalinmusiikkijuhlat.fi\\\/wp-content\\\/uploads\\\/2022\\\/01\\\/R9A3357-WEB-e1764052990414.jpg\",\"width\":1920,\"height\":1271,\"caption\":\"21.08.2025 Elina V\u00e4h\u00e4l\u00e4 Photo by Ivan Bessedin\"},{\"@type\":\"BreadcrumbList\",\"@id\":\"https:\\\/\\\/naantalinmusiikkijuhlat.fi\\\/en\\\/about-us\\\/artistic-director\\\/#breadcrumb\",\"itemListElement\":[{\"@type\":\"ListItem\",\"position\":1,\"name\":\"Etusivu\",\"item\":\"https:\\\/\\\/naantalinmusiikkijuhlat.fi\\\/en\\\/\"},{\"@type\":\"ListItem\",\"position\":2,\"name\":\"About us\",\"item\":\"https:\\\/\\\/naantalinmusiikkijuhlat.fi\\\/en\\\/about-us\\\/\"},{\"@type\":\"ListItem\",\"position\":3,\"name\":\"Artistic Director\"}]},{\"@type\":\"WebSite\",\"@id\":\"https:\\\/\\\/naantalinmusiikkijuhlat.fi\\\/en\\\/#website\",\"url\":\"https:\\\/\\\/naantalinmusiikkijuhlat.fi\\\/en\\\/\",\"name\":\"Naantalin Musiikkijuhlat\",\"description\":\"Musiikkijuhlia 46 vuotta\",\"potentialAction\":[{\"@type\":\"SearchAction\",\"target\":{\"@type\":\"EntryPoint\",\"urlTemplate\":\"https:\\\/\\\/naantalinmusiikkijuhlat.fi\\\/en\\\/?s={search_term_string}\"},\"query-input\":{\"@type\":\"PropertyValueSpecification\",\"valueRequired\":true,\"valueName\":\"search_term_string\"}}],\"inLanguage\":\"en-US\"}]}<\/script>\n<!-- \/ Yoast SEO plugin. -->","yoast_head_json":{"title":"Artistic Director - Naantalin Musiikkijuhlat","description":"The artistic director of Naantali Music Festival, Elina V\u00e4h\u00e4l\u00e4, is among the most sought-after Finnish violinists in the international music scene. Her sound and virtuosity win praise from music critics around the world and her playing has been praised as dazzling, sensitive and brilliant.","robots":{"index":"index","follow":"follow","max-snippet":"max-snippet:-1","max-image-preview":"max-image-preview:large","max-video-preview":"max-video-preview:-1"},"canonical":"https:\/\/naantalinmusiikkijuhlat.fi\/en\/about-us\/artistic-director\/","og_locale":"en_US","og_type":"article","og_title":"The aritstic director of Naantali Music Festival Elina V\u00e4h\u00e4l\u00e4","og_description":"The artistic director of Naantali Music Festival, Elina V\u00e4h\u00e4l\u00e4, is among the most sought-after Finnish violinists in the international music scene. Her sound and virtuosity win praise from music critics around the world and her playing has been praised as dazzling, sensitive and brilliant.","og_url":"https:\/\/naantalinmusiikkijuhlat.fi\/en\/about-us\/artistic-director\/","og_site_name":"Naantalin Musiikkijuhlat","article_modified_time":"2026-01-08T10:00:27+00:00","og_image":[{"url":"https:\/\/naantalinmusiikkijuhlat.fi\/wp-content\/uploads\/2022\/01\/Arto-Noras.jpeg","type":"","width":"","height":""}],"twitter_card":"summary_large_image","twitter_title":"The aritstic director of Naantali Music Festival Elina V\u00e4h\u00e4l\u00e4","twitter_description":"The artistic director of Naantali Music Festival, Elina V\u00e4h\u00e4l\u00e4, is among the most sought-after Finnish violinists in the international music scene. Her sound and virtuosity win praise from music critics around the world and her playing has been praised as dazzling, sensitive and brilliant.","twitter_image":"https:\/\/naantalinmusiikkijuhlat.fi\/wp-content\/uploads\/2022\/01\/Arto-Noras.jpeg","schema":{"@context":"https:\/\/schema.org","@graph":[{"@type":"WebPage","@id":"https:\/\/naantalinmusiikkijuhlat.fi\/en\/about-us\/artistic-director\/","url":"https:\/\/naantalinmusiikkijuhlat.fi\/en\/about-us\/artistic-director\/","name":"Artistic Director - Naantalin Musiikkijuhlat","isPartOf":{"@id":"https:\/\/naantalinmusiikkijuhlat.fi\/en\/#website"},"primaryImageOfPage":{"@id":"https:\/\/naantalinmusiikkijuhlat.fi\/en\/about-us\/artistic-director\/#primaryimage"},"image":{"@id":"https:\/\/naantalinmusiikkijuhlat.fi\/en\/about-us\/artistic-director\/#primaryimage"},"thumbnailUrl":"https:\/\/naantalinmusiikkijuhlat.fi\/wp-content\/uploads\/2022\/01\/R9A3357-WEB-e1764052990414.jpg","datePublished":"2022-05-03T17:25:49+00:00","dateModified":"2026-01-08T10:00:27+00:00","description":"The artistic director of Naantali Music Festival, Elina V\u00e4h\u00e4l\u00e4, is among the most sought-after Finnish violinists in the international music scene. Her sound and virtuosity win praise from music critics around the world and her playing has been praised as dazzling, sensitive and brilliant.","breadcrumb":{"@id":"https:\/\/naantalinmusiikkijuhlat.fi\/en\/about-us\/artistic-director\/#breadcrumb"},"inLanguage":"en-US","potentialAction":[{"@type":"ReadAction","target":["https:\/\/naantalinmusiikkijuhlat.fi\/en\/about-us\/artistic-director\/"]}]},{"@type":"ImageObject","inLanguage":"en-US","@id":"https:\/\/naantalinmusiikkijuhlat.fi\/en\/about-us\/artistic-director\/#primaryimage","url":"https:\/\/naantalinmusiikkijuhlat.fi\/wp-content\/uploads\/2022\/01\/R9A3357-WEB-e1764052990414.jpg","contentUrl":"https:\/\/naantalinmusiikkijuhlat.fi\/wp-content\/uploads\/2022\/01\/R9A3357-WEB-e1764052990414.jpg","width":1920,"height":1271,"caption":"21.08.2025 Elina V\u00e4h\u00e4l\u00e4 Photo by Ivan Bessedin"},{"@type":"BreadcrumbList","@id":"https:\/\/naantalinmusiikkijuhlat.fi\/en\/about-us\/artistic-director\/#breadcrumb","itemListElement":[{"@type":"ListItem","position":1,"name":"Etusivu","item":"https:\/\/naantalinmusiikkijuhlat.fi\/en\/"},{"@type":"ListItem","position":2,"name":"About us","item":"https:\/\/naantalinmusiikkijuhlat.fi\/en\/about-us\/"},{"@type":"ListItem","position":3,"name":"Artistic Director"}]},{"@type":"WebSite","@id":"https:\/\/naantalinmusiikkijuhlat.fi\/en\/#website","url":"https:\/\/naantalinmusiikkijuhlat.fi\/en\/","name":"Naantalin Musiikkijuhlat","description":"Musiikkijuhlia 46 vuotta","potentialAction":[{"@type":"SearchAction","target":{"@type":"EntryPoint","urlTemplate":"https:\/\/naantalinmusiikkijuhlat.fi\/en\/?s={search_term_string}"},"query-input":{"@type":"PropertyValueSpecification","valueRequired":true,"valueName":"search_term_string"}}],"inLanguage":"en-US"}]}},"_links":{"self":[{"href":"https:\/\/naantalinmusiikkijuhlat.fi\/en\/wp-json\/wp\/v2\/pages\/3822","targetHints":{"allow":["GET"]}}],"collection":[{"href":"https:\/\/naantalinmusiikkijuhlat.fi\/en\/wp-json\/wp\/v2\/pages"}],"about":[{"href":"https:\/\/naantalinmusiikkijuhlat.fi\/en\/wp-json\/wp\/v2\/types\/page"}],"author":[{"embeddable":true,"href":"https:\/\/naantalinmusiikkijuhlat.fi\/en\/wp-json\/wp\/v2\/users\/4"}],"replies":[{"embeddable":true,"href":"https:\/\/naantalinmusiikkijuhlat.fi\/en\/wp-json\/wp\/v2\/comments?post=3822"}],"version-history":[{"count":3,"href":"https:\/\/naantalinmusiikkijuhlat.fi\/en\/wp-json\/wp\/v2\/pages\/3822\/revisions"}],"predecessor-version":[{"id":7432,"href":"https:\/\/naantalinmusiikkijuhlat.fi\/en\/wp-json\/wp\/v2\/pages\/3822\/revisions\/7432"}],"up":[{"embeddable":true,"href":"https:\/\/naantalinmusiikkijuhlat.fi\/en\/wp-json\/wp\/v2\/pages\/3820"}],"wp:featuredmedia":[{"embeddable":true,"href":"https:\/\/naantalinmusiikkijuhlat.fi\/en\/wp-json\/wp\/v2\/media\/7246"}],"wp:attachment":[{"href":"https:\/\/naantalinmusiikkijuhlat.fi\/en\/wp-json\/wp\/v2\/media?parent=3822"}],"curies":[{"name":"wp","href":"https:\/\/api.w.org\/{rel}","templated":true}]}}