{"id":3747,"date":"2022-04-25T20:14:26","date_gmt":"2022-04-25T17:14:26","guid":{"rendered":"https:\/\/naantalinmusiikkijuhlat.fi\/programme-and-tickets\/naantali-childrens-music-festival\/"},"modified":"2025-03-19T12:33:30","modified_gmt":"2025-03-19T10:33:30","slug":"naantali-childrens-music-festival","status":"publish","type":"page","link":"https:\/\/naantalinmusiikkijuhlat.fi\/en\/programme-and-tickets\/naantali-childrens-music-festival\/","title":{"rendered":"Naantali Children&#8217;s Music Festival"},"content":{"rendered":"<h1>Naantali Children&#8217;s Music Festival<\/h1>\n<p>The three-day Naantali Children&#8217;s Music Festival will be held from June 6th to 8th, 2025, in collaboration with Naantali Save the Children Association, the Naantali Museum, and Casa Haartman.<\/p>\n","protected":false},"excerpt":{"rendered":"<p>Naantali Children&#8217;s Music Festival The three-day Naantali Children&#8217;s Music Festival will be held from June 6th to 8th, 2025, in collaboration with Naantali Save the Children Association, the Naantali Museum, and Casa Haartman.<\/p>\n","protected":false},"author":4,"featured_media":1023,"parent":2762,"menu_order":3,"comment_status":"closed","ping_status":"closed","template":"","meta":{"inline_featured_image":false,"_monsterinsights_skip_tracking":false,"_monsterinsights_sitenote_active":false,"_monsterinsights_sitenote_note":"","_monsterinsights_sitenote_category":0,"footnotes":""},"class_list":["post-3747","page","type-page","status-publish","has-post-thumbnail","hentry"],"acf":[],"yoast_head":"<!-- This site is optimized with the Yoast SEO plugin v27.3 - https:\/\/yoast.com\/product\/yoast-seo-wordpress\/ -->\n<title>Naantali Children&#039;s Music Festival - Naantalin Musiikkijuhlat<\/title>\n<meta name=\"description\" content=\"The three-day Naantali Children&#039;s Music Festival will be held at Church Park and the Naantali Museums, offering a program for the whole family!\" \/>\n<meta name=\"robots\" content=\"index, follow, max-snippet:-1, max-image-preview:large, max-video-preview:-1\" \/>\n<link rel=\"canonical\" href=\"https:\/\/naantalinmusiikkijuhlat.fi\/en\/programme-and-tickets\/naantali-childrens-music-festival\/\" \/>\n<meta property=\"og:locale\" content=\"en_US\" \/>\n<meta property=\"og:type\" content=\"article\" \/>\n<meta property=\"og:title\" content=\"Naantali Children&#039;s Music Festival 2025\" \/>\n<meta property=\"og:description\" content=\"The three-day Naantali Children&#039;s Music Festival will be organised 6.-8.6.2025 in cooperation with Save the Children, Naantali Museum and Casa Haartman.\" \/>\n<meta property=\"og:url\" content=\"https:\/\/naantalinmusiikkijuhlat.fi\/en\/programme-and-tickets\/naantali-childrens-music-festival\/\" \/>\n<meta property=\"og:site_name\" content=\"Naantalin Musiikkijuhlat\" \/>\n<meta property=\"article:modified_time\" content=\"2025-03-19T10:33:30+00:00\" \/>\n<meta property=\"og:image\" content=\"https:\/\/naantalinmusiikkijuhlat.fi\/wp-content\/uploads\/2024\/01\/NAANTALIN-LASTEN-MUSIIKKIJUHLAT_-SUURI-PUISTOJUHLA-1000_563-1-1024x577.jpg\" \/>\n<meta name=\"twitter:card\" content=\"summary_large_image\" \/>\n<meta name=\"twitter:title\" content=\"Naantali Children&#039;s Music Festival 2025\" \/>\n<meta name=\"twitter:description\" content=\"The three-day Naantali Children&#039;s Music Festival will be organised 6.-8.6.2025 in cooperation with Save the Children, Naantali Museum and Casa Haartman.\" \/>\n<meta name=\"twitter:image\" content=\"https:\/\/naantalinmusiikkijuhlat.fi\/wp-content\/uploads\/2023\/01\/Facebook-paasivun-kansikuva-1024x450.jpg\" \/>\n<script type=\"application\/ld+json\" class=\"yoast-schema-graph\">{\"@context\":\"https:\\\/\\\/schema.org\",\"@graph\":[{\"@type\":\"WebPage\",\"@id\":\"https:\\\/\\\/naantalinmusiikkijuhlat.fi\\\/en\\\/programme-and-tickets\\\/naantali-childrens-music-festival\\\/\",\"url\":\"https:\\\/\\\/naantalinmusiikkijuhlat.fi\\\/en\\\/programme-and-tickets\\\/naantali-childrens-music-festival\\\/\",\"name\":\"Naantali Children's Music Festival - Naantalin Musiikkijuhlat\",\"isPartOf\":{\"@id\":\"https:\\\/\\\/naantalinmusiikkijuhlat.fi\\\/en\\\/#website\"},\"primaryImageOfPage\":{\"@id\":\"https:\\\/\\\/naantalinmusiikkijuhlat.fi\\\/en\\\/programme-and-tickets\\\/naantali-childrens-music-festival\\\/#primaryimage\"},\"image\":{\"@id\":\"https:\\\/\\\/naantalinmusiikkijuhlat.fi\\\/en\\\/programme-and-tickets\\\/naantali-childrens-music-festival\\\/#primaryimage\"},\"thumbnailUrl\":\"https:\\\/\\\/naantalinmusiikkijuhlat.fi\\\/wp-content\\\/uploads\\\/2021\\\/12\\\/lasten-musiikkijuhlat-hero-v2.jpg\",\"datePublished\":\"2022-04-25T17:14:26+00:00\",\"dateModified\":\"2025-03-19T10:33:30+00:00\",\"description\":\"The three-day Naantali Children's Music Festival will be held at Church Park and the Naantali Museums, offering a program for the whole family!\",\"breadcrumb\":{\"@id\":\"https:\\\/\\\/naantalinmusiikkijuhlat.fi\\\/en\\\/programme-and-tickets\\\/naantali-childrens-music-festival\\\/#breadcrumb\"},\"inLanguage\":\"en-US\",\"potentialAction\":[{\"@type\":\"ReadAction\",\"target\":[\"https:\\\/\\\/naantalinmusiikkijuhlat.fi\\\/en\\\/programme-and-tickets\\\/naantali-childrens-music-festival\\\/\"]}]},{\"@type\":\"ImageObject\",\"inLanguage\":\"en-US\",\"@id\":\"https:\\\/\\\/naantalinmusiikkijuhlat.fi\\\/en\\\/programme-and-tickets\\\/naantali-childrens-music-festival\\\/#primaryimage\",\"url\":\"https:\\\/\\\/naantalinmusiikkijuhlat.fi\\\/wp-content\\\/uploads\\\/2021\\\/12\\\/lasten-musiikkijuhlat-hero-v2.jpg\",\"contentUrl\":\"https:\\\/\\\/naantalinmusiikkijuhlat.fi\\\/wp-content\\\/uploads\\\/2021\\\/12\\\/lasten-musiikkijuhlat-hero-v2.jpg\",\"width\":1920,\"height\":1280,\"caption\":\"Naantalin Lasten Musiikkijuhlat -tapahtuma puistossa, jossa esiintyji\u00e4 ja yleis\u00f6\u00e4 istumassa penkeill\u00e4.\"},{\"@type\":\"BreadcrumbList\",\"@id\":\"https:\\\/\\\/naantalinmusiikkijuhlat.fi\\\/en\\\/programme-and-tickets\\\/naantali-childrens-music-festival\\\/#breadcrumb\",\"itemListElement\":[{\"@type\":\"ListItem\",\"position\":1,\"name\":\"Etusivu\",\"item\":\"https:\\\/\\\/naantalinmusiikkijuhlat.fi\\\/en\\\/\"},{\"@type\":\"ListItem\",\"position\":2,\"name\":\"Programme and tickets\",\"item\":\"https:\\\/\\\/naantalinmusiikkijuhlat.fi\\\/en\\\/programme-and-tickets\\\/\"},{\"@type\":\"ListItem\",\"position\":3,\"name\":\"Naantali Children&#8217;s Music Festival\"}]},{\"@type\":\"WebSite\",\"@id\":\"https:\\\/\\\/naantalinmusiikkijuhlat.fi\\\/en\\\/#website\",\"url\":\"https:\\\/\\\/naantalinmusiikkijuhlat.fi\\\/en\\\/\",\"name\":\"Naantalin Musiikkijuhlat\",\"description\":\"Musiikkijuhlia 46 vuotta\",\"potentialAction\":[{\"@type\":\"SearchAction\",\"target\":{\"@type\":\"EntryPoint\",\"urlTemplate\":\"https:\\\/\\\/naantalinmusiikkijuhlat.fi\\\/en\\\/?s={search_term_string}\"},\"query-input\":{\"@type\":\"PropertyValueSpecification\",\"valueRequired\":true,\"valueName\":\"search_term_string\"}}],\"inLanguage\":\"en-US\"}]}<\/script>\n<!-- \/ Yoast SEO plugin. -->","yoast_head_json":{"title":"Naantali Children's Music Festival - Naantalin Musiikkijuhlat","description":"The three-day Naantali Children's Music Festival will be held at Church Park and the Naantali Museums, offering a program for the whole family!","robots":{"index":"index","follow":"follow","max-snippet":"max-snippet:-1","max-image-preview":"max-image-preview:large","max-video-preview":"max-video-preview:-1"},"canonical":"https:\/\/naantalinmusiikkijuhlat.fi\/en\/programme-and-tickets\/naantali-childrens-music-festival\/","og_locale":"en_US","og_type":"article","og_title":"Naantali Children's Music Festival 2025","og_description":"The three-day Naantali Children's Music Festival will be organised 6.-8.6.2025 in cooperation with Save the Children, Naantali Museum and Casa Haartman.","og_url":"https:\/\/naantalinmusiikkijuhlat.fi\/en\/programme-and-tickets\/naantali-childrens-music-festival\/","og_site_name":"Naantalin Musiikkijuhlat","article_modified_time":"2025-03-19T10:33:30+00:00","og_image":[{"url":"https:\/\/naantalinmusiikkijuhlat.fi\/wp-content\/uploads\/2024\/01\/NAANTALIN-LASTEN-MUSIIKKIJUHLAT_-SUURI-PUISTOJUHLA-1000_563-1-1024x577.jpg","type":"","width":"","height":""}],"twitter_card":"summary_large_image","twitter_title":"Naantali Children's Music Festival 2025","twitter_description":"The three-day Naantali Children's Music Festival will be organised 6.-8.6.2025 in cooperation with Save the Children, Naantali Museum and Casa Haartman.","twitter_image":"https:\/\/naantalinmusiikkijuhlat.fi\/wp-content\/uploads\/2023\/01\/Facebook-paasivun-kansikuva-1024x450.jpg","schema":{"@context":"https:\/\/schema.org","@graph":[{"@type":"WebPage","@id":"https:\/\/naantalinmusiikkijuhlat.fi\/en\/programme-and-tickets\/naantali-childrens-music-festival\/","url":"https:\/\/naantalinmusiikkijuhlat.fi\/en\/programme-and-tickets\/naantali-childrens-music-festival\/","name":"Naantali Children's Music Festival - Naantalin Musiikkijuhlat","isPartOf":{"@id":"https:\/\/naantalinmusiikkijuhlat.fi\/en\/#website"},"primaryImageOfPage":{"@id":"https:\/\/naantalinmusiikkijuhlat.fi\/en\/programme-and-tickets\/naantali-childrens-music-festival\/#primaryimage"},"image":{"@id":"https:\/\/naantalinmusiikkijuhlat.fi\/en\/programme-and-tickets\/naantali-childrens-music-festival\/#primaryimage"},"thumbnailUrl":"https:\/\/naantalinmusiikkijuhlat.fi\/wp-content\/uploads\/2021\/12\/lasten-musiikkijuhlat-hero-v2.jpg","datePublished":"2022-04-25T17:14:26+00:00","dateModified":"2025-03-19T10:33:30+00:00","description":"The three-day Naantali Children's Music Festival will be held at Church Park and the Naantali Museums, offering a program for the whole family!","breadcrumb":{"@id":"https:\/\/naantalinmusiikkijuhlat.fi\/en\/programme-and-tickets\/naantali-childrens-music-festival\/#breadcrumb"},"inLanguage":"en-US","potentialAction":[{"@type":"ReadAction","target":["https:\/\/naantalinmusiikkijuhlat.fi\/en\/programme-and-tickets\/naantali-childrens-music-festival\/"]}]},{"@type":"ImageObject","inLanguage":"en-US","@id":"https:\/\/naantalinmusiikkijuhlat.fi\/en\/programme-and-tickets\/naantali-childrens-music-festival\/#primaryimage","url":"https:\/\/naantalinmusiikkijuhlat.fi\/wp-content\/uploads\/2021\/12\/lasten-musiikkijuhlat-hero-v2.jpg","contentUrl":"https:\/\/naantalinmusiikkijuhlat.fi\/wp-content\/uploads\/2021\/12\/lasten-musiikkijuhlat-hero-v2.jpg","width":1920,"height":1280,"caption":"Naantalin Lasten Musiikkijuhlat -tapahtuma puistossa, jossa esiintyji\u00e4 ja yleis\u00f6\u00e4 istumassa penkeill\u00e4."},{"@type":"BreadcrumbList","@id":"https:\/\/naantalinmusiikkijuhlat.fi\/en\/programme-and-tickets\/naantali-childrens-music-festival\/#breadcrumb","itemListElement":[{"@type":"ListItem","position":1,"name":"Etusivu","item":"https:\/\/naantalinmusiikkijuhlat.fi\/en\/"},{"@type":"ListItem","position":2,"name":"Programme and tickets","item":"https:\/\/naantalinmusiikkijuhlat.fi\/en\/programme-and-tickets\/"},{"@type":"ListItem","position":3,"name":"Naantali Children&#8217;s Music Festival"}]},{"@type":"WebSite","@id":"https:\/\/naantalinmusiikkijuhlat.fi\/en\/#website","url":"https:\/\/naantalinmusiikkijuhlat.fi\/en\/","name":"Naantalin Musiikkijuhlat","description":"Musiikkijuhlia 46 vuotta","potentialAction":[{"@type":"SearchAction","target":{"@type":"EntryPoint","urlTemplate":"https:\/\/naantalinmusiikkijuhlat.fi\/en\/?s={search_term_string}"},"query-input":{"@type":"PropertyValueSpecification","valueRequired":true,"valueName":"search_term_string"}}],"inLanguage":"en-US"}]}},"_links":{"self":[{"href":"https:\/\/naantalinmusiikkijuhlat.fi\/en\/wp-json\/wp\/v2\/pages\/3747","targetHints":{"allow":["GET"]}}],"collection":[{"href":"https:\/\/naantalinmusiikkijuhlat.fi\/en\/wp-json\/wp\/v2\/pages"}],"about":[{"href":"https:\/\/naantalinmusiikkijuhlat.fi\/en\/wp-json\/wp\/v2\/types\/page"}],"author":[{"embeddable":true,"href":"https:\/\/naantalinmusiikkijuhlat.fi\/en\/wp-json\/wp\/v2\/users\/4"}],"replies":[{"embeddable":true,"href":"https:\/\/naantalinmusiikkijuhlat.fi\/en\/wp-json\/wp\/v2\/comments?post=3747"}],"version-history":[{"count":3,"href":"https:\/\/naantalinmusiikkijuhlat.fi\/en\/wp-json\/wp\/v2\/pages\/3747\/revisions"}],"predecessor-version":[{"id":7048,"href":"https:\/\/naantalinmusiikkijuhlat.fi\/en\/wp-json\/wp\/v2\/pages\/3747\/revisions\/7048"}],"up":[{"embeddable":true,"href":"https:\/\/naantalinmusiikkijuhlat.fi\/en\/wp-json\/wp\/v2\/pages\/2762"}],"wp:featuredmedia":[{"embeddable":true,"href":"https:\/\/naantalinmusiikkijuhlat.fi\/en\/wp-json\/wp\/v2\/media\/1023"}],"wp:attachment":[{"href":"https:\/\/naantalinmusiikkijuhlat.fi\/en\/wp-json\/wp\/v2\/media?parent=3747"}],"curies":[{"name":"wp","href":"https:\/\/api.w.org\/{rel}","templated":true}]}}